{"id":369,"date":"2025-04-16T12:52:33","date_gmt":"2025-04-16T12:52:33","guid":{"rendered":"https:\/\/monetary-collect.com\/?page_id=369"},"modified":"2026-03-19T09:34:45","modified_gmt":"2026-03-19T12:34:45","slug":"onboarding","status":"publish","type":"page","link":"https:\/\/monetary-collect.com\/?page_id=369","title":{"rendered":"Onboarding page"},"content":{"rendered":"\t\t<div data-elementor-type=\"wp-page\" data-elementor-id=\"369\" class=\"elementor elementor-369\" data-elementor-post-type=\"page\">\n\t\t\t\t<div class=\"elementor-element elementor-element-323360d e-flex e-con-boxed e-con e-parent\" data-id=\"323360d\" data-element_type=\"container\" data-e-type=\"container\" data-settings=\"{&quot;background_background&quot;:&quot;classic&quot;}\">\n\t\t\t\t\t<div class=\"e-con-inner\">\n\t\t<div class=\"elementor-element elementor-element-d42c130 e-con-full e-flex e-con e-child\" data-id=\"d42c130\" data-element_type=\"container\" data-e-type=\"container\">\n\t\t\t\t<div class=\"elementor-element elementor-element-2c5479e elementor-widget elementor-widget-heading\" data-id=\"2c5479e\" data-element_type=\"widget\" data-e-type=\"widget\" data-widget_type=\"heading.default\">\n\t\t\t\t<div class=\"elementor-widget-container\">\n\t\t\t\t\t<h2 class=\"elementor-heading-title elementor-size-default\">En pocos pasos, activa tu cuent\u00e1 y empez\u00e1 a gestionar tu recaudaci\u00f3n con total tranquilidad.\n\n<\/h2>\t\t\t\t<\/div>\n\t\t\t\t<\/div>\n\t\t\t\t<div class=\"elementor-element elementor-element-dec8bec elementor-headline--style-rotate elementor-widget elementor-widget-animated-headline\" data-id=\"dec8bec\" data-element_type=\"widget\" data-e-type=\"widget\" data-settings=\"{&quot;headline_style&quot;:&quot;rotate&quot;,&quot;animation_type&quot;:&quot;slide-down&quot;,&quot;rotating_text&quot;:&quot;f\\u00e1cil\\nr\\u00e1pida\\nsegura&quot;,&quot;rotate_iteration_delay&quot;:1000,&quot;loop&quot;:&quot;yes&quot;}\" data-widget_type=\"animated-headline.default\">\n\t\t\t\t<div class=\"elementor-widget-container\">\n\t\t\t\t\t\t\t<h3 class=\"elementor-headline elementor-headline-animation-type-slide-down\">\n\t\t\t\t\t<span class=\"elementor-headline-plain-text elementor-headline-text-wrapper\">Comenz\u00e1 tu onboarding de forma<\/span>\n\t\t\t\t<span class=\"elementor-headline-dynamic-wrapper elementor-headline-text-wrapper\">\n\t\t\t\t\t<span class=\"elementor-headline-dynamic-text elementor-headline-text-active\">\n\t\t\t\tf\u00e1cil\t\t\t<\/span>\n\t\t\t\t\t<span class=\"elementor-headline-dynamic-text\">\n\t\t\t\tr\u00e1pida\t\t\t<\/span>\n\t\t\t\t\t<span class=\"elementor-headline-dynamic-text\">\n\t\t\t\tsegura\t\t\t<\/span>\n\t\t\t\t\t\t<\/span>\n\t\t\t\t<\/h3>\n\t\t\t\t\t\t<\/div>\n\t\t\t\t<\/div>\n\t\t<div class=\"elementor-element elementor-element-b4f05c1 e-con-full e-flex e-con e-child\" data-id=\"b4f05c1\" data-element_type=\"container\" data-e-type=\"container\">\n\t\t\t\t<div class=\"elementor-element elementor-element-f37465f elementor-widget elementor-widget-button\" data-id=\"f37465f\" data-element_type=\"widget\" data-e-type=\"widget\" data-widget_type=\"button.default\">\n\t\t\t\t<div class=\"elementor-widget-container\">\n\t\t\t\t\t\t\t\t\t<div class=\"elementor-button-wrapper\">\n\t\t\t\t\t<a class=\"elementor-button elementor-button-link elementor-size-sm elementor-animation-grow\" href=\"https:\/\/monetary-collect.com\/?page_id=399\">\n\t\t\t\t\t\t<span class=\"elementor-button-content-wrapper\">\n\t\t\t\t\t\t\t\t\t<span class=\"elementor-button-text\">Comenzar<\/span>\n\t\t\t\t\t<\/span>\n\t\t\t\t\t<\/a>\n\t\t\t\t<\/div>\n\t\t\t\t\t\t\t\t<\/div>\n\t\t\t\t<\/div>\n\t\t\t\t<\/div>\n\t\t\t\t<\/div>\n\t\t\t\t\t<\/div>\n\t\t\t\t<\/div>\n\t\t\t\t<\/div>\n\t\t","protected":false},"excerpt":{"rendered":"<p>En pocos pasos, activa tu cuent\u00e1 y empez\u00e1 a gestionar tu recaudaci\u00f3n con total tranquilidad. Comenz\u00e1 tu onboarding de forma f\u00e1cil r\u00e1pida segura Comenzar<\/p>\n","protected":false},"author":260617636,"featured_media":0,"parent":0,"menu_order":0,"comment_status":"closed","ping_status":"closed","template":"","meta":{"advanced_seo_description":"","jetpack_seo_html_title":"","jetpack_seo_noindex":false,"footnotes":""},"class_list":["post-369","page","type-page","status-publish","hentry"],"jetpack_likes_enabled":true,"jetpack_sharing_enabled":true,"jetpack_shortlink":"https:\/\/wp.me\/PgtesV-5X","jetpack-related-posts":[{"id":399,"url":"https:\/\/monetary-collect.com\/?page_id=399","url_meta":{"origin":369,"position":0},"title":"persona jur\u00eddica","author":"Luna Mara","date":"16\/04\/2025","format":false,"excerpt":"Completar el formulario para persona jur\u00eddica","rel":"","context":"Entrada similar","block_context":{"text":"Entrada similar","link":""},"img":{"alt_text":"","src":"","width":0,"height":0},"classes":[]},{"id":17,"url":"https:\/\/monetary-collect.com\/?page_id=17","url_meta":{"origin":369,"position":1},"title":"Con\u00f3cenos","author":"Luna Mara","date":"10\/04\/2025","format":false,"excerpt":"Rodrigo Mazzeo - Gerente de Cuentas Corrientes Hola, soy Rodrigo, tengo 30 a\u00f1os y soy una persona muy apasionada por el f\u00fatbol, los amigos y la familia. Esa misma pasi\u00f3n tambi\u00e9n se refleja en mi manera de trabajar.Cuento con m\u00e1s de 10 a\u00f1os de experiencia en el rubro, con especializaci\u00f3n\u2026","rel":"","context":"Entrada similar","block_context":{"text":"Entrada similar","link":""},"img":{"alt_text":"","src":"","width":0,"height":0},"classes":[]},{"id":590,"url":"https:\/\/monetary-collect.com\/?page_id=590","url_meta":{"origin":369,"position":2},"title":"T\u00e9rminos y condiciones","author":"Luna Mara","date":"24\/04\/2025","format":false,"excerpt":"T\u00e9rminos y Condiciones Los presentes T\u00e9rminos y Condiciones de Uso constituyen un contrato entre cualquier persona y\/o empresa (en adelante, \u201cCliente\u201d o \u201cUsuario\u201d) que desee acceder y\/o utilizar los servicios de recaudaci\u00f3n y pagos ofrecidos por \u201cMONETARY\u201d (MAREXFIN SAS CUIT 30-71862329-0) o \u201cLa Empresa\u201d, dentro de su plataforma web.Es responsabilidad\u2026","rel":"","context":"Entrada similar","block_context":{"text":"Entrada similar","link":""},"img":{"alt_text":"","src":"","width":0,"height":0},"classes":[]}],"_links":{"self":[{"href":"https:\/\/monetary-collect.com\/index.php?rest_route=\/wp\/v2\/pages\/369","targetHints":{"allow":["GET"]}}],"collection":[{"href":"https:\/\/monetary-collect.com\/index.php?rest_route=\/wp\/v2\/pages"}],"about":[{"href":"https:\/\/monetary-collect.com\/index.php?rest_route=\/wp\/v2\/types\/page"}],"author":[{"embeddable":true,"href":"https:\/\/monetary-collect.com\/index.php?rest_route=\/wp\/v2\/users\/260617636"}],"replies":[{"embeddable":true,"href":"https:\/\/monetary-collect.com\/index.php?rest_route=%2Fwp%2Fv2%2Fcomments&post=369"}],"version-history":[{"count":63,"href":"https:\/\/monetary-collect.com\/index.php?rest_route=\/wp\/v2\/pages\/369\/revisions"}],"predecessor-version":[{"id":3490,"href":"https:\/\/monetary-collect.com\/index.php?rest_route=\/wp\/v2\/pages\/369\/revisions\/3490"}],"wp:attachment":[{"href":"https:\/\/monetary-collect.com\/index.php?rest_route=%2Fwp%2Fv2%2Fmedia&parent=369"}],"curies":[{"name":"wp","href":"https:\/\/api.w.org\/{rel}","templated":true}]}}